{"id":13423,"date":"2021-04-29T21:04:47","date_gmt":"2021-04-29T21:04:47","guid":{"rendered":"http:\/\/www.ica-cg.com\/?page_id=13423"},"modified":"2021-05-13T19:02:09","modified_gmt":"2021-05-13T19:02:09","slug":"zelenilo","status":"publish","type":"page","link":"https:\/\/ica-cg.com\/de\/zelenilo\/","title":{"rendered":"Pflege von Gr\u00fcnfl\u00e4chen"},"content":{"rendered":"<div data-elementor-type=\"wp-page\" data-elementor-id=\"13423\" class=\"elementor elementor-13423\">\n\t\t\t\t\t\t<section class=\"has_eae_slider elementor-section elementor-top-section elementor-element elementor-element-c0534d9 elementor-section-boxed elementor-section-height-default elementor-section-height-default\" data-id=\"c0534d9\" data-element_type=\"section\">\n\t\t\t\t\t\t<div class=\"elementor-container elementor-column-gap-default\">\n\t\t\t\t\t<div class=\"has_eae_slider elementor-column elementor-col-33 elementor-top-column elementor-element elementor-element-bb2f29e\" data-id=\"bb2f29e\" data-element_type=\"column\">\n\t\t\t<div class=\"elementor-widget-wrap elementor-element-populated\">\n\t\t\t\t\t\t<div class=\"elementor-element elementor-element-bec92fd elementor-widget elementor-widget-image\" data-id=\"bec92fd\" data-element_type=\"widget\" data-widget_type=\"image.default\">\n\t\t\t\t<div class=\"elementor-widget-container\">\n\t\t\t\t\t\t\t\t\t\t\t\t\t<img fetchpriority=\"high\" decoding=\"async\" width=\"640\" height=\"480\" src=\"https:\/\/ica-cg.com\/wp-content\/uploads\/2021\/05\/darwin-garden-design-uredenje-i-odrzavanje-zelenih-povrsina.jpg\" class=\"attachment-large size-large wp-image-13608\" alt=\"\" srcset=\"https:\/\/ica-cg.com\/wp-content\/uploads\/2021\/05\/darwin-garden-design-uredenje-i-odrzavanje-zelenih-povrsina.jpg 800w, https:\/\/ica-cg.com\/wp-content\/uploads\/2021\/05\/darwin-garden-design-uredenje-i-odrzavanje-zelenih-povrsina-300x225.jpg 300w, https:\/\/ica-cg.com\/wp-content\/uploads\/2021\/05\/darwin-garden-design-uredenje-i-odrzavanje-zelenih-povrsina-768x576.jpg 768w, https:\/\/ica-cg.com\/wp-content\/uploads\/2021\/05\/darwin-garden-design-uredenje-i-odrzavanje-zelenih-povrsina-16x12.jpg 16w, https:\/\/ica-cg.com\/wp-content\/uploads\/2021\/05\/darwin-garden-design-uredenje-i-odrzavanje-zelenih-povrsina-600x450.jpg 600w\" sizes=\"(max-width: 640px) 100vw, 640px\" \/>\t\t\t\t\t\t\t\t\t\t\t\t\t<\/div>\n\t\t\t\t<\/div>\n\t\t\t\t\t<\/div>\n\t\t<\/div>\n\t\t\t\t<div class=\"has_eae_slider elementor-column elementor-col-33 elementor-top-column elementor-element elementor-element-d489a53\" data-id=\"d489a53\" data-element_type=\"column\">\n\t\t\t<div class=\"elementor-widget-wrap elementor-element-populated\">\n\t\t\t\t\t\t<div class=\"elementor-element elementor-element-eef0065 elementor-widget elementor-widget-image\" data-id=\"eef0065\" data-element_type=\"widget\" data-widget_type=\"image.default\">\n\t\t\t\t<div class=\"elementor-widget-container\">\n\t\t\t\t\t\t\t\t\t\t\t\t\t<img decoding=\"async\" width=\"640\" height=\"480\" src=\"https:\/\/ica-cg.com\/wp-content\/uploads\/2021\/05\/3.jpg\" class=\"attachment-large size-large wp-image-13607\" alt=\"\" srcset=\"https:\/\/ica-cg.com\/wp-content\/uploads\/2021\/05\/3.jpg 800w, https:\/\/ica-cg.com\/wp-content\/uploads\/2021\/05\/3-300x225.jpg 300w, https:\/\/ica-cg.com\/wp-content\/uploads\/2021\/05\/3-768x576.jpg 768w, https:\/\/ica-cg.com\/wp-content\/uploads\/2021\/05\/3-16x12.jpg 16w, https:\/\/ica-cg.com\/wp-content\/uploads\/2021\/05\/3-600x450.jpg 600w\" sizes=\"(max-width: 640px) 100vw, 640px\" \/>\t\t\t\t\t\t\t\t\t\t\t\t\t<\/div>\n\t\t\t\t<\/div>\n\t\t\t\t\t<\/div>\n\t\t<\/div>\n\t\t\t\t<div class=\"has_eae_slider elementor-column elementor-col-33 elementor-top-column elementor-element elementor-element-7631929\" data-id=\"7631929\" data-element_type=\"column\">\n\t\t\t<div class=\"elementor-widget-wrap elementor-element-populated\">\n\t\t\t\t\t\t<div class=\"elementor-element elementor-element-4cf3064 elementor-widget elementor-widget-image\" data-id=\"4cf3064\" data-element_type=\"widget\" data-widget_type=\"image.default\">\n\t\t\t\t<div class=\"elementor-widget-container\">\n\t\t\t\t\t\t\t\t\t\t\t\t\t<img decoding=\"async\" width=\"640\" height=\"384\" src=\"https:\/\/ica-cg.com\/wp-content\/uploads\/2021\/05\/91.jpg\" class=\"attachment-large size-large wp-image-13606\" alt=\"\" srcset=\"https:\/\/ica-cg.com\/wp-content\/uploads\/2021\/05\/91.jpg 960w, https:\/\/ica-cg.com\/wp-content\/uploads\/2021\/05\/91-300x180.jpg 300w, https:\/\/ica-cg.com\/wp-content\/uploads\/2021\/05\/91-768x461.jpg 768w, https:\/\/ica-cg.com\/wp-content\/uploads\/2021\/05\/91-16x10.jpg 16w, https:\/\/ica-cg.com\/wp-content\/uploads\/2021\/05\/91-600x360.jpg 600w\" sizes=\"(max-width: 640px) 100vw, 640px\" \/>\t\t\t\t\t\t\t\t\t\t\t\t\t<\/div>\n\t\t\t\t<\/div>\n\t\t\t\t\t<\/div>\n\t\t<\/div>\n\t\t\t\t\t<\/div>\n\t\t<\/section>\n\t\t\t\t<section class=\"has_eae_slider elementor-section elementor-top-section elementor-element elementor-element-2367b45 elementor-section-boxed elementor-section-height-default elementor-section-height-default\" data-id=\"2367b45\" data-element_type=\"section\">\n\t\t\t\t\t\t<div class=\"elementor-container elementor-column-gap-default\">\n\t\t\t\t\t<div class=\"has_eae_slider elementor-column elementor-col-50 elementor-top-column elementor-element elementor-element-70b0aeb\" data-id=\"70b0aeb\" data-element_type=\"column\">\n\t\t\t<div class=\"elementor-widget-wrap elementor-element-populated\">\n\t\t\t\t\t\t<div class=\"elementor-element elementor-element-1099bff elementor-widget elementor-widget-text-editor\" data-id=\"1099bff\" data-element_type=\"widget\" data-widget_type=\"text-editor.default\">\n\t\t\t\t<div class=\"elementor-widget-container\">\n\t\t\t\t\t\t\t<p><strong>USLUGE:\u00a0<\/strong><\/p><ul><li>Ure\u0111enje i odr\u017eavanje dvorista<\/li><li>Orezivanje vo\u0107ki, ru\u017ea i \u017eivih ograda<\/li><li>Usluge trimerom i motornom kosa\u010dicom<\/li><\/ul>\t\t\t\t\t\t<\/div>\n\t\t\t\t<\/div>\n\t\t\t\t\t<\/div>\n\t\t<\/div>\n\t\t\t\t<div class=\"has_eae_slider elementor-column elementor-col-50 elementor-top-column elementor-element elementor-element-8fcf204\" data-id=\"8fcf204\" data-element_type=\"column\">\n\t\t\t<div class=\"elementor-widget-wrap elementor-element-populated\">\n\t\t\t\t\t\t<div class=\"elementor-element elementor-element-a9b3106 elementor-widget elementor-widget-image\" data-id=\"a9b3106\" data-element_type=\"widget\" data-widget_type=\"image.default\">\n\t\t\t\t<div class=\"elementor-widget-container\">\n\t\t\t\t\t\t\t\t\t\t\t\t\t<img loading=\"lazy\" decoding=\"async\" width=\"471\" height=\"529\" src=\"https:\/\/ica-cg.com\/wp-content\/uploads\/2021\/05\/1566673443_happy-gardener_1-removebg-preview.png\" class=\"attachment-large size-large wp-image-13611\" alt=\"\" srcset=\"https:\/\/ica-cg.com\/wp-content\/uploads\/2021\/05\/1566673443_happy-gardener_1-removebg-preview.png 471w, https:\/\/ica-cg.com\/wp-content\/uploads\/2021\/05\/1566673443_happy-gardener_1-removebg-preview-267x300.png 267w, https:\/\/ica-cg.com\/wp-content\/uploads\/2021\/05\/1566673443_happy-gardener_1-removebg-preview-11x12.png 11w\" sizes=\"(max-width: 471px) 100vw, 471px\" \/>\t\t\t\t\t\t\t\t\t\t\t\t\t<\/div>\n\t\t\t\t<\/div>\n\t\t\t\t\t<\/div>\n\t\t<\/div>\n\t\t\t\t\t<\/div>\n\t\t<\/section>\n\t\t\t\t<\/div>","protected":false},"excerpt":{"rendered":"<p>USLUGE:\u00a0 Ure\u0111enje i odr\u017eavanje dvorista Orezivanje vo\u0107ki, ru\u017ea i \u017eivih ograda Usluge trimerom i motornom kosa\u010dicom<\/p>","protected":false},"author":1,"featured_media":0,"parent":0,"menu_order":0,"comment_status":"closed","ping_status":"closed","template":"","meta":{"_mi_skip_tracking":false,"_monsterinsights_sitenote_active":false,"_monsterinsights_sitenote_note":"","_monsterinsights_sitenote_category":0,"footnotes":""},"class_list":["post-13423","page","type-page","status-publish","hentry"],"aioseo_notices":[],"_links":{"self":[{"href":"https:\/\/ica-cg.com\/de\/wp-json\/wp\/v2\/pages\/13423","targetHints":{"allow":["GET"]}}],"collection":[{"href":"https:\/\/ica-cg.com\/de\/wp-json\/wp\/v2\/pages"}],"about":[{"href":"https:\/\/ica-cg.com\/de\/wp-json\/wp\/v2\/types\/page"}],"author":[{"embeddable":true,"href":"https:\/\/ica-cg.com\/de\/wp-json\/wp\/v2\/users\/1"}],"replies":[{"embeddable":true,"href":"https:\/\/ica-cg.com\/de\/wp-json\/wp\/v2\/comments?post=13423"}],"version-history":[{"count":7,"href":"https:\/\/ica-cg.com\/de\/wp-json\/wp\/v2\/pages\/13423\/revisions"}],"predecessor-version":[{"id":13614,"href":"https:\/\/ica-cg.com\/de\/wp-json\/wp\/v2\/pages\/13423\/revisions\/13614"}],"wp:attachment":[{"href":"https:\/\/ica-cg.com\/de\/wp-json\/wp\/v2\/media?parent=13423"}],"curies":[{"name":"wp","href":"https:\/\/api.w.org\/{rel}","templated":true}]}}