{"id":13425,"date":"2021-04-29T21:07:36","date_gmt":"2021-04-29T21:07:36","guid":{"rendered":"http:\/\/www.ica-cg.com\/?page_id=13425"},"modified":"2021-05-15T16:59:45","modified_gmt":"2021-05-15T16:59:45","slug":"rad_u_njemackoj","status":"publish","type":"page","link":"https:\/\/ica-cg.com\/de\/rad_u_njemackoj\/","title":{"rendered":"Arbeit in Deutschland"},"content":{"rendered":"<div data-elementor-type=\"wp-page\" data-elementor-id=\"13425\" class=\"elementor elementor-13425\">\n\t\t\t\t\t\t<section class=\"has_eae_slider elementor-section elementor-top-section elementor-element elementor-element-b07b605 elementor-section-boxed elementor-section-height-default elementor-section-height-default\" data-id=\"b07b605\" data-element_type=\"section\">\n\t\t\t\t\t\t<div class=\"elementor-container elementor-column-gap-default\">\n\t\t\t\t\t<div class=\"has_eae_slider elementor-column elementor-col-25 elementor-top-column elementor-element elementor-element-ba78b63\" data-id=\"ba78b63\" data-element_type=\"column\">\n\t\t\t<div class=\"elementor-widget-wrap elementor-element-populated\">\n\t\t\t\t\t\t<div class=\"elementor-element elementor-element-3cf5616 elementor-widget elementor-widget-image\" data-id=\"3cf5616\" data-element_type=\"widget\" data-widget_type=\"image.default\">\n\t\t\t\t<div class=\"elementor-widget-container\">\n\t\t\t\t\t\t\t\t\t\t\t\t\t<img fetchpriority=\"high\" decoding=\"async\" width=\"310\" height=\"200\" src=\"https:\/\/ica-cg.com\/wp-content\/uploads\/2021\/05\/health-workers310px.jpg\" class=\"attachment-large size-large wp-image-13619\" alt=\"\" srcset=\"https:\/\/ica-cg.com\/wp-content\/uploads\/2021\/05\/health-workers310px.jpg 310w, https:\/\/ica-cg.com\/wp-content\/uploads\/2021\/05\/health-workers310px-300x194.jpg 300w, https:\/\/ica-cg.com\/wp-content\/uploads\/2021\/05\/health-workers310px-16x10.jpg 16w\" sizes=\"(max-width: 310px) 100vw, 310px\" \/>\t\t\t\t\t\t\t\t\t\t\t\t\t<\/div>\n\t\t\t\t<\/div>\n\t\t\t\t\t<\/div>\n\t\t<\/div>\n\t\t\t\t<div class=\"has_eae_slider elementor-column elementor-col-25 elementor-top-column elementor-element elementor-element-788c90e\" data-id=\"788c90e\" data-element_type=\"column\">\n\t\t\t<div class=\"elementor-widget-wrap elementor-element-populated\">\n\t\t\t\t\t\t<div class=\"elementor-element elementor-element-3c81af2 elementor-widget elementor-widget-image\" data-id=\"3c81af2\" data-element_type=\"widget\" data-widget_type=\"image.default\">\n\t\t\t\t<div class=\"elementor-widget-container\">\n\t\t\t\t\t\t\t\t\t\t\t\t\t<img decoding=\"async\" width=\"640\" height=\"384\" src=\"https:\/\/ica-cg.com\/wp-content\/uploads\/2021\/05\/bigstock-Smiling-Construction-worker-ma-36493684.jpg\" class=\"attachment-large size-large wp-image-13618\" alt=\"\" srcset=\"https:\/\/ica-cg.com\/wp-content\/uploads\/2021\/05\/bigstock-Smiling-Construction-worker-ma-36493684.jpg 900w, https:\/\/ica-cg.com\/wp-content\/uploads\/2021\/05\/bigstock-Smiling-Construction-worker-ma-36493684-300x180.jpg 300w, https:\/\/ica-cg.com\/wp-content\/uploads\/2021\/05\/bigstock-Smiling-Construction-worker-ma-36493684-768x461.jpg 768w, https:\/\/ica-cg.com\/wp-content\/uploads\/2021\/05\/bigstock-Smiling-Construction-worker-ma-36493684-16x10.jpg 16w, https:\/\/ica-cg.com\/wp-content\/uploads\/2021\/05\/bigstock-Smiling-Construction-worker-ma-36493684-600x360.jpg 600w\" sizes=\"(max-width: 640px) 100vw, 640px\" \/>\t\t\t\t\t\t\t\t\t\t\t\t\t<\/div>\n\t\t\t\t<\/div>\n\t\t\t\t\t<\/div>\n\t\t<\/div>\n\t\t\t\t<div class=\"has_eae_slider elementor-column elementor-col-25 elementor-top-column elementor-element elementor-element-1132f09\" data-id=\"1132f09\" data-element_type=\"column\">\n\t\t\t<div class=\"elementor-widget-wrap elementor-element-populated\">\n\t\t\t\t\t\t<div class=\"elementor-element elementor-element-f1db79e elementor-widget elementor-widget-image\" data-id=\"f1db79e\" data-element_type=\"widget\" data-widget_type=\"image.default\">\n\t\t\t\t<div class=\"elementor-widget-container\">\n\t\t\t\t\t\t\t\t\t\t\t\t\t<img decoding=\"async\" width=\"640\" height=\"391\" src=\"https:\/\/ica-cg.com\/wp-content\/uploads\/2021\/05\/waiteress-job-australia.jpg\" class=\"attachment-large size-large wp-image-13617\" alt=\"\" srcset=\"https:\/\/ica-cg.com\/wp-content\/uploads\/2021\/05\/waiteress-job-australia.jpg 770w, https:\/\/ica-cg.com\/wp-content\/uploads\/2021\/05\/waiteress-job-australia-300x183.jpg 300w, https:\/\/ica-cg.com\/wp-content\/uploads\/2021\/05\/waiteress-job-australia-768x469.jpg 768w, https:\/\/ica-cg.com\/wp-content\/uploads\/2021\/05\/waiteress-job-australia-16x10.jpg 16w, https:\/\/ica-cg.com\/wp-content\/uploads\/2021\/05\/waiteress-job-australia-255x157.jpg 255w, https:\/\/ica-cg.com\/wp-content\/uploads\/2021\/05\/waiteress-job-australia-600x366.jpg 600w\" sizes=\"(max-width: 640px) 100vw, 640px\" \/>\t\t\t\t\t\t\t\t\t\t\t\t\t<\/div>\n\t\t\t\t<\/div>\n\t\t\t\t\t<\/div>\n\t\t<\/div>\n\t\t\t\t<div class=\"has_eae_slider elementor-column elementor-col-25 elementor-top-column elementor-element elementor-element-c66058a\" data-id=\"c66058a\" data-element_type=\"column\">\n\t\t\t<div class=\"elementor-widget-wrap elementor-element-populated\">\n\t\t\t\t\t\t<div class=\"elementor-element elementor-element-31b253f elementor-widget elementor-widget-image\" data-id=\"31b253f\" data-element_type=\"widget\" data-widget_type=\"image.default\">\n\t\t\t\t<div class=\"elementor-widget-container\">\n\t\t\t\t\t\t\t\t\t\t\t\t\t<img loading=\"lazy\" decoding=\"async\" width=\"640\" height=\"338\" src=\"https:\/\/ica-cg.com\/wp-content\/uploads\/2021\/05\/1.jpg\" class=\"attachment-large size-large wp-image-13616\" alt=\"\" srcset=\"https:\/\/ica-cg.com\/wp-content\/uploads\/2021\/05\/1.jpg 910w, https:\/\/ica-cg.com\/wp-content\/uploads\/2021\/05\/1-300x158.jpg 300w, https:\/\/ica-cg.com\/wp-content\/uploads\/2021\/05\/1-768x405.jpg 768w, https:\/\/ica-cg.com\/wp-content\/uploads\/2021\/05\/1-16x8.jpg 16w, https:\/\/ica-cg.com\/wp-content\/uploads\/2021\/05\/1-600x316.jpg 600w\" sizes=\"(max-width: 640px) 100vw, 640px\" \/>\t\t\t\t\t\t\t\t\t\t\t\t\t<\/div>\n\t\t\t\t<\/div>\n\t\t\t\t\t<\/div>\n\t\t<\/div>\n\t\t\t\t\t<\/div>\n\t\t<\/section>\n\t\t\t\t<section class=\"has_eae_slider elementor-section elementor-top-section elementor-element elementor-element-3e15d32 elementor-section-boxed elementor-section-height-default elementor-section-height-default\" data-id=\"3e15d32\" data-element_type=\"section\">\n\t\t\t\t\t\t<div class=\"elementor-container elementor-column-gap-default\">\n\t\t\t\t\t<div class=\"has_eae_slider elementor-column elementor-col-50 elementor-top-column elementor-element elementor-element-f8442bb\" data-id=\"f8442bb\" data-element_type=\"column\">\n\t\t\t<div class=\"elementor-widget-wrap elementor-element-populated\">\n\t\t\t\t\t\t<div class=\"elementor-element elementor-element-ab3eb87 elementor-widget elementor-widget-spacer\" data-id=\"ab3eb87\" data-element_type=\"widget\" data-widget_type=\"spacer.default\">\n\t\t\t\t<div class=\"elementor-widget-container\">\n\t\t\t\t\t<div class=\"elementor-spacer\">\n\t\t\t<div class=\"elementor-spacer-inner\"><\/div>\n\t\t<\/div>\n\t\t\t\t<\/div>\n\t\t\t\t<\/div>\n\t\t\t\t<div class=\"elementor-element elementor-element-c1d9a17 elementor-widget elementor-widget-text-editor\" data-id=\"c1d9a17\" data-element_type=\"widget\" data-widget_type=\"text-editor.default\">\n\t\t\t\t<div class=\"elementor-widget-container\">\n\t\t\t\t\t\t\t<p><em><strong>Posredovanje u zapo\u0161ljavanju u Njema\u010dkoj:<\/strong><\/em><\/p><ul><li>Izrada biografije,<\/li><li>Prevodi biografije na njema\u010dki jezik,<\/li><li>Prijava na konkurse u Njema\u010dkoj<\/li><\/ul>\t\t\t\t\t\t<\/div>\n\t\t\t\t<\/div>\n\t\t\t\t\t<\/div>\n\t\t<\/div>\n\t\t\t\t<div class=\"has_eae_slider elementor-column elementor-col-50 elementor-top-column elementor-element elementor-element-c79f76f\" data-id=\"c79f76f\" data-element_type=\"column\">\n\t\t\t<div class=\"elementor-widget-wrap elementor-element-populated\">\n\t\t\t\t\t\t<div class=\"elementor-element elementor-element-d34ccab elementor-widget elementor-widget-spacer\" data-id=\"d34ccab\" data-element_type=\"widget\" data-widget_type=\"spacer.default\">\n\t\t\t\t<div class=\"elementor-widget-container\">\n\t\t\t\t\t<div class=\"elementor-spacer\">\n\t\t\t<div class=\"elementor-spacer-inner\"><\/div>\n\t\t<\/div>\n\t\t\t\t<\/div>\n\t\t\t\t<\/div>\n\t\t\t\t<div class=\"elementor-element elementor-element-39019c3 elementor-widget elementor-widget-image\" data-id=\"39019c3\" data-element_type=\"widget\" data-widget_type=\"image.default\">\n\t\t\t\t<div class=\"elementor-widget-container\">\n\t\t\t\t\t\t\t\t\t\t\t\t\t<img loading=\"lazy\" decoding=\"async\" width=\"600\" height=\"200\" src=\"https:\/\/ica-cg.com\/wp-content\/uploads\/2021\/05\/handshake-contract.jpg\" class=\"attachment-large size-large wp-image-13624\" alt=\"\" srcset=\"https:\/\/ica-cg.com\/wp-content\/uploads\/2021\/05\/handshake-contract.jpg 600w, https:\/\/ica-cg.com\/wp-content\/uploads\/2021\/05\/handshake-contract-300x100.jpg 300w, https:\/\/ica-cg.com\/wp-content\/uploads\/2021\/05\/handshake-contract-16x5.jpg 16w\" sizes=\"(max-width: 600px) 100vw, 600px\" \/>\t\t\t\t\t\t\t\t\t\t\t\t\t<\/div>\n\t\t\t\t<\/div>\n\t\t\t\t\t<\/div>\n\t\t<\/div>\n\t\t\t\t\t<\/div>\n\t\t<\/section>\n\t\t\t\t<section class=\"has_eae_slider elementor-section elementor-top-section elementor-element elementor-element-a647ff7 elementor-section-boxed elementor-section-height-default elementor-section-height-default\" data-id=\"a647ff7\" data-element_type=\"section\">\n\t\t\t\t\t\t<div class=\"elementor-container elementor-column-gap-default\">\n\t\t\t\t\t<div class=\"has_eae_slider elementor-column elementor-col-100 elementor-top-column elementor-element elementor-element-471ff22\" data-id=\"471ff22\" data-element_type=\"column\">\n\t\t\t<div class=\"elementor-widget-wrap\">\n\t\t\t\t\t\t\t<\/div>\n\t\t<\/div>\n\t\t\t\t\t<\/div>\n\t\t<\/section>\n\t\t\t\t<\/div>","protected":false},"excerpt":{"rendered":"<p>Posredovanje u zapo\u0161ljavanju u Njema\u010dkoj: Izrada biografije, Prevodi biografije na njema\u010dki jezik, Prijava na konkurse u Njema\u010dkoj<\/p>","protected":false},"author":1,"featured_media":0,"parent":0,"menu_order":0,"comment_status":"closed","ping_status":"closed","template":"","meta":{"_mi_skip_tracking":false,"_monsterinsights_sitenote_active":false,"_monsterinsights_sitenote_note":"","_monsterinsights_sitenote_category":0,"footnotes":""},"class_list":["post-13425","page","type-page","status-publish","hentry"],"aioseo_notices":[],"_links":{"self":[{"href":"https:\/\/ica-cg.com\/de\/wp-json\/wp\/v2\/pages\/13425","targetHints":{"allow":["GET"]}}],"collection":[{"href":"https:\/\/ica-cg.com\/de\/wp-json\/wp\/v2\/pages"}],"about":[{"href":"https:\/\/ica-cg.com\/de\/wp-json\/wp\/v2\/types\/page"}],"author":[{"embeddable":true,"href":"https:\/\/ica-cg.com\/de\/wp-json\/wp\/v2\/users\/1"}],"replies":[{"embeddable":true,"href":"https:\/\/ica-cg.com\/de\/wp-json\/wp\/v2\/comments?post=13425"}],"version-history":[{"count":11,"href":"https:\/\/ica-cg.com\/de\/wp-json\/wp\/v2\/pages\/13425\/revisions"}],"predecessor-version":[{"id":13644,"href":"https:\/\/ica-cg.com\/de\/wp-json\/wp\/v2\/pages\/13425\/revisions\/13644"}],"wp:attachment":[{"href":"https:\/\/ica-cg.com\/de\/wp-json\/wp\/v2\/media?parent=13425"}],"curies":[{"name":"wp","href":"https:\/\/api.w.org\/{rel}","templated":true}]}}