{"id":13442,"date":"2021-04-29T21:16:27","date_gmt":"2021-04-29T21:16:27","guid":{"rendered":"http:\/\/www.ica-cg.com\/?page_id=13442"},"modified":"2021-05-13T20:01:48","modified_gmt":"2021-05-13T20:01:48","slug":"vaterpolo","status":"publish","type":"page","link":"https:\/\/ica-cg.com\/de\/vaterpolo\/","title":{"rendered":"Vaterpolo Kamp"},"content":{"rendered":"<div data-elementor-type=\"wp-page\" data-elementor-id=\"13442\" class=\"elementor elementor-13442\">\n\t\t\t\t\t\t<section class=\"has_eae_slider elementor-section elementor-top-section elementor-element elementor-element-e3b4f36 elementor-section-boxed elementor-section-height-default elementor-section-height-default\" data-id=\"e3b4f36\" data-element_type=\"section\">\n\t\t\t\t\t\t<div class=\"elementor-container elementor-column-gap-default\">\n\t\t\t\t\t<div class=\"has_eae_slider elementor-column elementor-col-100 elementor-top-column elementor-element elementor-element-282f259\" data-id=\"282f259\" data-element_type=\"column\">\n\t\t\t<div class=\"elementor-widget-wrap elementor-element-populated\">\n\t\t\t\t\t\t<div class=\"elementor-element elementor-element-169487c elementor-widget elementor-widget-text-editor\" data-id=\"169487c\" data-element_type=\"widget\" data-widget_type=\"text-editor.default\">\n\t\t\t\t<div class=\"elementor-widget-container\">\n\t\t\t\t\t\t\t<h4><em><strong>Budite dio tima! Trenirajte sa renomiranim svjetskim trenerima u kampovima na na\u0161em primoriju. Dru\u017eenje zabava i sticanje novih iskustava bice dio va\u0161eg boravka u ovim kampovi<\/strong><\/em>ma.<\/h4>\t\t\t\t\t\t<\/div>\n\t\t\t\t<\/div>\n\t\t\t\t\t<\/div>\n\t\t<\/div>\n\t\t\t\t\t<\/div>\n\t\t<\/section>\n\t\t\t\t<section class=\"has_eae_slider elementor-section elementor-top-section elementor-element elementor-element-cc9a2e4 elementor-section-boxed elementor-section-height-default elementor-section-height-default\" data-id=\"cc9a2e4\" data-element_type=\"section\">\n\t\t\t\t\t\t<div class=\"elementor-container elementor-column-gap-default\">\n\t\t\t\t\t<div class=\"has_eae_slider elementor-column elementor-col-100 elementor-top-column elementor-element elementor-element-49ace24\" data-id=\"49ace24\" data-element_type=\"column\">\n\t\t\t<div class=\"elementor-widget-wrap elementor-element-populated\">\n\t\t\t\t\t\t<div class=\"elementor-element elementor-element-19734ba elementor-widget elementor-widget-text-editor\" data-id=\"19734ba\" data-element_type=\"widget\" data-widget_type=\"text-editor.default\">\n\t\t\t\t<div class=\"elementor-widget-container\">\n\t\t\t\t\t\t\t<ul><li>Organizacija vaterpolo kampa u Kotoru<\/li><li>Organizacija kontrolnih utakmica<\/li><li>Organizacija treninga sa olimpijskim u\u010desnicima &#8211; Veljko Uskokovic<\/li><li>Organizacija smje\u0161taja<\/li><li>Organizacija izleta<\/li><\/ul>\t\t\t\t\t\t<\/div>\n\t\t\t\t<\/div>\n\t\t\t\t\t<\/div>\n\t\t<\/div>\n\t\t\t\t\t<\/div>\n\t\t<\/section>\n\t\t\t\t<section class=\"has_eae_slider elementor-section elementor-top-section elementor-element elementor-element-e34c235 elementor-section-boxed elementor-section-height-default elementor-section-height-default\" data-id=\"e34c235\" data-element_type=\"section\">\n\t\t\t\t\t\t<div class=\"elementor-container elementor-column-gap-default\">\n\t\t\t\t\t<div class=\"has_eae_slider elementor-column elementor-col-100 elementor-top-column elementor-element elementor-element-9e4a527\" data-id=\"9e4a527\" data-element_type=\"column\">\n\t\t\t<div class=\"elementor-widget-wrap elementor-element-populated\">\n\t\t\t\t\t\t<div class=\"elementor-element elementor-element-b68af91 elementor-widget elementor-widget-heading\" data-id=\"b68af91\" data-element_type=\"widget\" data-widget_type=\"heading.default\">\n\t\t\t\t<div class=\"elementor-widget-container\">\n\t\t\t<h2 class=\"elementor-heading-title elementor-size-default\">Galerie<\/h2>\t\t<\/div>\n\t\t\t\t<\/div>\n\t\t\t\t\t<\/div>\n\t\t<\/div>\n\t\t\t\t\t<\/div>\n\t\t<\/section>\n\t\t\t\t<section class=\"has_eae_slider elementor-section elementor-top-section elementor-element elementor-element-a3bdf3b elementor-section-boxed elementor-section-height-default elementor-section-height-default\" data-id=\"a3bdf3b\" data-element_type=\"section\">\n\t\t\t\t\t\t<div class=\"elementor-container elementor-column-gap-default\">\n\t\t\t\t\t<div class=\"has_eae_slider elementor-column elementor-col-100 elementor-top-column elementor-element elementor-element-1f7653f\" data-id=\"1f7653f\" data-element_type=\"column\">\n\t\t\t<div class=\"elementor-widget-wrap elementor-element-populated\">\n\t\t\t\t\t\t<div class=\"elementor-element elementor-element-5bb3ede elementor-widget elementor-widget-gallery\" data-id=\"5bb3ede\" data-element_type=\"widget\" data-settings=\"{&quot;lazyload&quot;:&quot;yes&quot;,&quot;gallery_layout&quot;:&quot;grid&quot;,&quot;columns&quot;:4,&quot;columns_tablet&quot;:2,&quot;columns_mobile&quot;:1,&quot;gap&quot;:{&quot;unit&quot;:&quot;px&quot;,&quot;size&quot;:10,&quot;sizes&quot;:[]},&quot;gap_tablet&quot;:{&quot;unit&quot;:&quot;px&quot;,&quot;size&quot;:10,&quot;sizes&quot;:[]},&quot;gap_mobile&quot;:{&quot;unit&quot;:&quot;px&quot;,&quot;size&quot;:10,&quot;sizes&quot;:[]},&quot;link_to&quot;:&quot;file&quot;,&quot;aspect_ratio&quot;:&quot;3:2&quot;,&quot;overlay_background&quot;:&quot;yes&quot;,&quot;content_hover_animation&quot;:&quot;fade-in&quot;}\" data-widget_type=\"gallery.default\">\n\t\t\t\t<div class=\"elementor-widget-container\">\n\t\t\t\t\t<div class=\"elementor-gallery__container\">\n\t\t\t\t\t\t\t<a class=\"e-gallery-item elementor-gallery-item elementor-animated-content\" href=\"https:\/\/ica-cg.com\/wp-content\/uploads\/2021\/05\/0-02-0a-d42bbbc2dfa10ea6cf8ab62569df284510b38d4913bea6e433f2f01d8823b8f2_a97df628.jpg\" data-elementor-open-lightbox=\"yes\" data-elementor-lightbox-slideshow=\"all-5bb3ede\" data-elementor-lightbox-title=\"0-02-0a-d42bbbc2dfa10ea6cf8ab62569df284510b38d4913bea6e433f2f01d8823b8f2_a97df628\" data-e-action-hash=\"#elementor-action%3Aaction%3Dlightbox%26settings%3DeyJpZCI6MTM2MjgsInVybCI6Imh0dHBzOlwvXC9pY2EtY2cuY29tXC93cC1jb250ZW50XC91cGxvYWRzXC8yMDIxXC8wNVwvMC0wMi0wYS1kNDJiYmJjMmRmYTEwZWE2Y2Y4YWI2MjU2OWRmMjg0NTEwYjM4ZDQ5MTNiZWE2ZTQzM2YyZjAxZDg4MjNiOGYyX2E5N2RmNjI4LmpwZyIsInNsaWRlc2hvdyI6ImFsbC01YmIzZWRlIn0%3D\">\n\t\t\t\t\t<div class=\"e-gallery-image elementor-gallery-item__image\" data-thumbnail=\"https:\/\/ica-cg.com\/wp-content\/uploads\/2021\/05\/0-02-0a-d42bbbc2dfa10ea6cf8ab62569df284510b38d4913bea6e433f2f01d8823b8f2_a97df628-300x225.jpg\" data-width=\"300\" data-height=\"225\" alt=\"\" ><\/div>\n\t\t\t\t\t\t\t\t\t\t<div class=\"elementor-gallery-item__overlay\"><\/div>\n\t\t\t\t\t\t\t\t\t\t\t\t\t\t<\/a>\n\t\t\t\t\t\t\t<a class=\"e-gallery-item elementor-gallery-item elementor-animated-content\" href=\"https:\/\/ica-cg.com\/wp-content\/uploads\/2021\/05\/0-02-0a-d61a2cbacdfb7125c95961c5f5f1b371f37403adb02b46357d6fbc428c1ec98a_9c7e6c08.jpg\" data-elementor-open-lightbox=\"yes\" data-elementor-lightbox-slideshow=\"all-5bb3ede\" data-elementor-lightbox-title=\"0-02-0a-d61a2cbacdfb7125c95961c5f5f1b371f37403adb02b46357d6fbc428c1ec98a_9c7e6c08\" data-e-action-hash=\"#elementor-action%3Aaction%3Dlightbox%26settings%3DeyJpZCI6MTM2MjksInVybCI6Imh0dHBzOlwvXC9pY2EtY2cuY29tXC93cC1jb250ZW50XC91cGxvYWRzXC8yMDIxXC8wNVwvMC0wMi0wYS1kNjFhMmNiYWNkZmI3MTI1Yzk1OTYxYzVmNWYxYjM3MWYzNzQwM2FkYjAyYjQ2MzU3ZDZmYmM0MjhjMWVjOThhXzljN2U2YzA4LmpwZyIsInNsaWRlc2hvdyI6ImFsbC01YmIzZWRlIn0%3D\">\n\t\t\t\t\t<div class=\"e-gallery-image elementor-gallery-item__image\" data-thumbnail=\"https:\/\/ica-cg.com\/wp-content\/uploads\/2021\/05\/0-02-0a-d61a2cbacdfb7125c95961c5f5f1b371f37403adb02b46357d6fbc428c1ec98a_9c7e6c08-300x146.jpg\" data-width=\"300\" data-height=\"146\" alt=\"\" ><\/div>\n\t\t\t\t\t\t\t\t\t\t<div class=\"elementor-gallery-item__overlay\"><\/div>\n\t\t\t\t\t\t\t\t\t\t\t\t\t\t<\/a>\n\t\t\t\t\t\t\t<a class=\"e-gallery-item elementor-gallery-item elementor-animated-content\" href=\"https:\/\/ica-cg.com\/wp-content\/uploads\/2021\/05\/0-02-0a-0d1b268c3ebc685e61a1c99dd2b2dd610d83202cb6b0c42a6521117f03cdfb37_916ddad1.jpg\" data-elementor-open-lightbox=\"yes\" data-elementor-lightbox-slideshow=\"all-5bb3ede\" data-elementor-lightbox-title=\"0-02-0a-0d1b268c3ebc685e61a1c99dd2b2dd610d83202cb6b0c42a6521117f03cdfb37_916ddad1\" data-e-action-hash=\"#elementor-action%3Aaction%3Dlightbox%26settings%3DeyJpZCI6MTM2MzAsInVybCI6Imh0dHBzOlwvXC9pY2EtY2cuY29tXC93cC1jb250ZW50XC91cGxvYWRzXC8yMDIxXC8wNVwvMC0wMi0wYS0wZDFiMjY4YzNlYmM2ODVlNjFhMWM5OWRkMmIyZGQ2MTBkODMyMDJjYjZiMGM0MmE2NTIxMTE3ZjAzY2RmYjM3XzkxNmRkYWQxLmpwZyIsInNsaWRlc2hvdyI6ImFsbC01YmIzZWRlIn0%3D\">\n\t\t\t\t\t<div class=\"e-gallery-image elementor-gallery-item__image\" data-thumbnail=\"https:\/\/ica-cg.com\/wp-content\/uploads\/2021\/05\/0-02-0a-0d1b268c3ebc685e61a1c99dd2b2dd610d83202cb6b0c42a6521117f03cdfb37_916ddad1-300x146.jpg\" data-width=\"300\" data-height=\"146\" alt=\"\" ><\/div>\n\t\t\t\t\t\t\t\t\t\t<div class=\"elementor-gallery-item__overlay\"><\/div>\n\t\t\t\t\t\t\t\t\t\t\t\t\t\t<\/a>\n\t\t\t\t\t\t\t<a class=\"e-gallery-item elementor-gallery-item elementor-animated-content\" href=\"https:\/\/ica-cg.com\/wp-content\/uploads\/2021\/05\/0-02-0a-0fb2ed1a85ff792f701d94ec55fda1e31a23a244370d8d52d2459d9c581e1b22_7451239c.jpg\" data-elementor-open-lightbox=\"yes\" data-elementor-lightbox-slideshow=\"all-5bb3ede\" data-elementor-lightbox-title=\"0-02-0a-0fb2ed1a85ff792f701d94ec55fda1e31a23a244370d8d52d2459d9c581e1b22_7451239c\" data-e-action-hash=\"#elementor-action%3Aaction%3Dlightbox%26settings%3DeyJpZCI6MTM2MzEsInVybCI6Imh0dHBzOlwvXC9pY2EtY2cuY29tXC93cC1jb250ZW50XC91cGxvYWRzXC8yMDIxXC8wNVwvMC0wMi0wYS0wZmIyZWQxYTg1ZmY3OTJmNzAxZDk0ZWM1NWZkYTFlMzFhMjNhMjQ0MzcwZDhkNTJkMjQ1OWQ5YzU4MWUxYjIyXzc0NTEyMzljLmpwZyIsInNsaWRlc2hvdyI6ImFsbC01YmIzZWRlIn0%3D\">\n\t\t\t\t\t<div class=\"e-gallery-image elementor-gallery-item__image\" data-thumbnail=\"https:\/\/ica-cg.com\/wp-content\/uploads\/2021\/05\/0-02-0a-0fb2ed1a85ff792f701d94ec55fda1e31a23a244370d8d52d2459d9c581e1b22_7451239c-300x197.jpg\" data-width=\"300\" data-height=\"197\" alt=\"\" ><\/div>\n\t\t\t\t\t\t\t\t\t\t<div class=\"elementor-gallery-item__overlay\"><\/div>\n\t\t\t\t\t\t\t\t\t\t\t\t\t\t<\/a>\n\t\t\t\t\t\t\t<a class=\"e-gallery-item elementor-gallery-item elementor-animated-content\" href=\"https:\/\/ica-cg.com\/wp-content\/uploads\/2021\/05\/0-02-0a-2f9c55e4b572dfdba1c3af9ecf33e206787be29f7538326fd166be2d363d144b_a6ef19cd.jpg\" data-elementor-open-lightbox=\"yes\" data-elementor-lightbox-slideshow=\"all-5bb3ede\" data-elementor-lightbox-title=\"0-02-0a-2f9c55e4b572dfdba1c3af9ecf33e206787be29f7538326fd166be2d363d144b_a6ef19cd\" data-e-action-hash=\"#elementor-action%3Aaction%3Dlightbox%26settings%3DeyJpZCI6MTM2MzIsInVybCI6Imh0dHBzOlwvXC9pY2EtY2cuY29tXC93cC1jb250ZW50XC91cGxvYWRzXC8yMDIxXC8wNVwvMC0wMi0wYS0yZjljNTVlNGI1NzJkZmRiYTFjM2FmOWVjZjMzZTIwNjc4N2JlMjlmNzUzODMyNmZkMTY2YmUyZDM2M2QxNDRiX2E2ZWYxOWNkLmpwZyIsInNsaWRlc2hvdyI6ImFsbC01YmIzZWRlIn0%3D\">\n\t\t\t\t\t<div class=\"e-gallery-image elementor-gallery-item__image\" data-thumbnail=\"https:\/\/ica-cg.com\/wp-content\/uploads\/2021\/05\/0-02-0a-2f9c55e4b572dfdba1c3af9ecf33e206787be29f7538326fd166be2d363d144b_a6ef19cd-300x194.jpg\" data-width=\"300\" data-height=\"194\" alt=\"\" ><\/div>\n\t\t\t\t\t\t\t\t\t\t<div class=\"elementor-gallery-item__overlay\"><\/div>\n\t\t\t\t\t\t\t\t\t\t\t\t\t\t<\/a>\n\t\t\t\t\t\t\t<a class=\"e-gallery-item elementor-gallery-item elementor-animated-content\" href=\"https:\/\/ica-cg.com\/wp-content\/uploads\/2021\/05\/0-02-0a-3c02ffb49de990dd144b38c33143c94090a9f9e129f3aca70f61f45a5c1e9884_a70197e1.jpg\" data-elementor-open-lightbox=\"yes\" data-elementor-lightbox-slideshow=\"all-5bb3ede\" data-elementor-lightbox-title=\"0-02-0a-3c02ffb49de990dd144b38c33143c94090a9f9e129f3aca70f61f45a5c1e9884_a70197e1\" data-e-action-hash=\"#elementor-action%3Aaction%3Dlightbox%26settings%3DeyJpZCI6MTM2MzMsInVybCI6Imh0dHBzOlwvXC9pY2EtY2cuY29tXC93cC1jb250ZW50XC91cGxvYWRzXC8yMDIxXC8wNVwvMC0wMi0wYS0zYzAyZmZiNDlkZTk5MGRkMTQ0YjM4YzMzMTQzYzk0MDkwYTlmOWUxMjlmM2FjYTcwZjYxZjQ1YTVjMWU5ODg0X2E3MDE5N2UxLmpwZyIsInNsaWRlc2hvdyI6ImFsbC01YmIzZWRlIn0%3D\">\n\t\t\t\t\t<div class=\"e-gallery-image elementor-gallery-item__image\" data-thumbnail=\"https:\/\/ica-cg.com\/wp-content\/uploads\/2021\/05\/0-02-0a-3c02ffb49de990dd144b38c33143c94090a9f9e129f3aca70f61f45a5c1e9884_a70197e1-300x225.jpg\" data-width=\"300\" data-height=\"225\" alt=\"\" ><\/div>\n\t\t\t\t\t\t\t\t\t\t<div class=\"elementor-gallery-item__overlay\"><\/div>\n\t\t\t\t\t\t\t\t\t\t\t\t\t\t<\/a>\n\t\t\t\t\t\t\t<a class=\"e-gallery-item elementor-gallery-item elementor-animated-content\" href=\"https:\/\/ica-cg.com\/wp-content\/uploads\/2021\/05\/0-02-0a-6cc46c6d0a4491f9b4503d8f8d6ea97e96bcc36d917e2f429d845a41005dbe04_861d0387.jpg\" data-elementor-open-lightbox=\"yes\" data-elementor-lightbox-slideshow=\"all-5bb3ede\" data-elementor-lightbox-title=\"0-02-0a-6cc46c6d0a4491f9b4503d8f8d6ea97e96bcc36d917e2f429d845a41005dbe04_861d0387\" data-e-action-hash=\"#elementor-action%3Aaction%3Dlightbox%26settings%3DeyJpZCI6MTM2MzQsInVybCI6Imh0dHBzOlwvXC9pY2EtY2cuY29tXC93cC1jb250ZW50XC91cGxvYWRzXC8yMDIxXC8wNVwvMC0wMi0wYS02Y2M0NmM2ZDBhNDQ5MWY5YjQ1MDNkOGY4ZDZlYTk3ZTk2YmNjMzZkOTE3ZTJmNDI5ZDg0NWE0MTAwNWRiZTA0Xzg2MWQwMzg3LmpwZyIsInNsaWRlc2hvdyI6ImFsbC01YmIzZWRlIn0%3D\">\n\t\t\t\t\t<div class=\"e-gallery-image elementor-gallery-item__image\" data-thumbnail=\"https:\/\/ica-cg.com\/wp-content\/uploads\/2021\/05\/0-02-0a-6cc46c6d0a4491f9b4503d8f8d6ea97e96bcc36d917e2f429d845a41005dbe04_861d0387-300x146.jpg\" data-width=\"300\" data-height=\"146\" alt=\"\" ><\/div>\n\t\t\t\t\t\t\t\t\t\t<div class=\"elementor-gallery-item__overlay\"><\/div>\n\t\t\t\t\t\t\t\t\t\t\t\t\t\t<\/a>\n\t\t\t\t\t\t\t<a class=\"e-gallery-item elementor-gallery-item elementor-animated-content\" href=\"https:\/\/ica-cg.com\/wp-content\/uploads\/2021\/05\/0-02-0a-26a86d266ff35b1249432e0abea65ad2f213452434fa7b75ab92290974f55b35_d7a1afe2.jpg\" data-elementor-open-lightbox=\"yes\" data-elementor-lightbox-slideshow=\"all-5bb3ede\" data-elementor-lightbox-title=\"0-02-0a-26a86d266ff35b1249432e0abea65ad2f213452434fa7b75ab92290974f55b35_d7a1afe2\" data-e-action-hash=\"#elementor-action%3Aaction%3Dlightbox%26settings%3DeyJpZCI6MTM2MzUsInVybCI6Imh0dHBzOlwvXC9pY2EtY2cuY29tXC93cC1jb250ZW50XC91cGxvYWRzXC8yMDIxXC8wNVwvMC0wMi0wYS0yNmE4NmQyNjZmZjM1YjEyNDk0MzJlMGFiZWE2NWFkMmYyMTM0NTI0MzRmYTdiNzVhYjkyMjkwOTc0ZjU1YjM1X2Q3YTFhZmUyLmpwZyIsInNsaWRlc2hvdyI6ImFsbC01YmIzZWRlIn0%3D\">\n\t\t\t\t\t<div class=\"e-gallery-image elementor-gallery-item__image\" data-thumbnail=\"https:\/\/ica-cg.com\/wp-content\/uploads\/2021\/05\/0-02-0a-26a86d266ff35b1249432e0abea65ad2f213452434fa7b75ab92290974f55b35_d7a1afe2-300x225.jpg\" data-width=\"300\" data-height=\"225\" alt=\"\" ><\/div>\n\t\t\t\t\t\t\t\t\t\t<div class=\"elementor-gallery-item__overlay\"><\/div>\n\t\t\t\t\t\t\t\t\t\t\t\t\t\t<\/a>\n\t\t\t\t\t\t\t<a class=\"e-gallery-item elementor-gallery-item elementor-animated-content\" href=\"https:\/\/ica-cg.com\/wp-content\/uploads\/2021\/05\/0-02-0a-68b05401cbf0c09cdec625355d9c657bfd402bad181d52b657f21343354a9bce_f1ac58d4.jpg\" data-elementor-open-lightbox=\"yes\" data-elementor-lightbox-slideshow=\"all-5bb3ede\" data-elementor-lightbox-title=\"0-02-0a-68b05401cbf0c09cdec625355d9c657bfd402bad181d52b657f21343354a9bce_f1ac58d4\" data-e-action-hash=\"#elementor-action%3Aaction%3Dlightbox%26settings%3DeyJpZCI6MTM2MzYsInVybCI6Imh0dHBzOlwvXC9pY2EtY2cuY29tXC93cC1jb250ZW50XC91cGxvYWRzXC8yMDIxXC8wNVwvMC0wMi0wYS02OGIwNTQwMWNiZjBjMDljZGVjNjI1MzU1ZDljNjU3YmZkNDAyYmFkMTgxZDUyYjY1N2YyMTM0MzM1NGE5YmNlX2YxYWM1OGQ0LmpwZyIsInNsaWRlc2hvdyI6ImFsbC01YmIzZWRlIn0%3D\">\n\t\t\t\t\t<div class=\"e-gallery-image elementor-gallery-item__image\" data-thumbnail=\"https:\/\/ica-cg.com\/wp-content\/uploads\/2021\/05\/0-02-0a-68b05401cbf0c09cdec625355d9c657bfd402bad181d52b657f21343354a9bce_f1ac58d4-300x225.jpg\" data-width=\"300\" data-height=\"225\" alt=\"\" ><\/div>\n\t\t\t\t\t\t\t\t\t\t<div class=\"elementor-gallery-item__overlay\"><\/div>\n\t\t\t\t\t\t\t\t\t\t\t\t\t\t<\/a>\n\t\t\t\t\t\t\t<a class=\"e-gallery-item elementor-gallery-item elementor-animated-content\" href=\"https:\/\/ica-cg.com\/wp-content\/uploads\/2021\/05\/0-02-0a-39232f4add353556a999f0a5aadeaec36ab94936e8022dfae4efa3a4550ea49c_46b0036f.jpg\" data-elementor-open-lightbox=\"yes\" data-elementor-lightbox-slideshow=\"all-5bb3ede\" data-elementor-lightbox-title=\"0-02-0a-39232f4add353556a999f0a5aadeaec36ab94936e8022dfae4efa3a4550ea49c_46b0036f\" data-e-action-hash=\"#elementor-action%3Aaction%3Dlightbox%26settings%3DeyJpZCI6MTM2MzcsInVybCI6Imh0dHBzOlwvXC9pY2EtY2cuY29tXC93cC1jb250ZW50XC91cGxvYWRzXC8yMDIxXC8wNVwvMC0wMi0wYS0zOTIzMmY0YWRkMzUzNTU2YTk5OWYwYTVhYWRlYWVjMzZhYjk0OTM2ZTgwMjJkZmFlNGVmYTNhNDU1MGVhNDljXzQ2YjAwMzZmLmpwZyIsInNsaWRlc2hvdyI6ImFsbC01YmIzZWRlIn0%3D\">\n\t\t\t\t\t<div class=\"e-gallery-image elementor-gallery-item__image\" data-thumbnail=\"https:\/\/ica-cg.com\/wp-content\/uploads\/2021\/05\/0-02-0a-39232f4add353556a999f0a5aadeaec36ab94936e8022dfae4efa3a4550ea49c_46b0036f-225x300.jpg\" data-width=\"225\" data-height=\"300\" alt=\"\" ><\/div>\n\t\t\t\t\t\t\t\t\t\t<div class=\"elementor-gallery-item__overlay\"><\/div>\n\t\t\t\t\t\t\t\t\t\t\t\t\t\t<\/a>\n\t\t\t\t\t\t\t<a class=\"e-gallery-item elementor-gallery-item elementor-animated-content\" href=\"https:\/\/ica-cg.com\/wp-content\/uploads\/2021\/05\/0-02-0a-b416043c6ccd52aa6f80121472c3fb46fbfa1bab3e8c238963b32637a1563a71_561aee48.jpg\" data-elementor-open-lightbox=\"yes\" data-elementor-lightbox-slideshow=\"all-5bb3ede\" data-elementor-lightbox-title=\"0-02-0a-b416043c6ccd52aa6f80121472c3fb46fbfa1bab3e8c238963b32637a1563a71_561aee48\" data-e-action-hash=\"#elementor-action%3Aaction%3Dlightbox%26settings%3DeyJpZCI6MTM2MzgsInVybCI6Imh0dHBzOlwvXC9pY2EtY2cuY29tXC93cC1jb250ZW50XC91cGxvYWRzXC8yMDIxXC8wNVwvMC0wMi0wYS1iNDE2MDQzYzZjY2Q1MmFhNmY4MDEyMTQ3MmMzZmI0NmZiZmExYmFiM2U4YzIzODk2M2IzMjYzN2ExNTYzYTcxXzU2MWFlZTQ4LmpwZyIsInNsaWRlc2hvdyI6ImFsbC01YmIzZWRlIn0%3D\">\n\t\t\t\t\t<div class=\"e-gallery-image elementor-gallery-item__image\" data-thumbnail=\"https:\/\/ica-cg.com\/wp-content\/uploads\/2021\/05\/0-02-0a-b416043c6ccd52aa6f80121472c3fb46fbfa1bab3e8c238963b32637a1563a71_561aee48-300x143.jpg\" data-width=\"300\" data-height=\"143\" alt=\"\" ><\/div>\n\t\t\t\t\t\t\t\t\t\t<div class=\"elementor-gallery-item__overlay\"><\/div>\n\t\t\t\t\t\t\t\t\t\t\t\t\t\t<\/a>\n\t\t\t\t\t\t\t<a class=\"e-gallery-item elementor-gallery-item elementor-animated-content\" href=\"https:\/\/ica-cg.com\/wp-content\/uploads\/2021\/05\/0-02-0a-bc622e6eeabeb5429d78126d15221e31d84d268ca0cbe61c064e865573b4ff79_9fe51d68.jpg\" data-elementor-open-lightbox=\"yes\" data-elementor-lightbox-slideshow=\"all-5bb3ede\" data-elementor-lightbox-title=\"0-02-0a-bc622e6eeabeb5429d78126d15221e31d84d268ca0cbe61c064e865573b4ff79_9fe51d68\" data-e-action-hash=\"#elementor-action%3Aaction%3Dlightbox%26settings%3DeyJpZCI6MTM2MzksInVybCI6Imh0dHBzOlwvXC9pY2EtY2cuY29tXC93cC1jb250ZW50XC91cGxvYWRzXC8yMDIxXC8wNVwvMC0wMi0wYS1iYzYyMmU2ZWVhYmViNTQyOWQ3ODEyNmQxNTIyMWUzMWQ4NGQyNjhjYTBjYmU2MWMwNjRlODY1NTczYjRmZjc5XzlmZTUxZDY4LmpwZyIsInNsaWRlc2hvdyI6ImFsbC01YmIzZWRlIn0%3D\">\n\t\t\t\t\t<div class=\"e-gallery-image elementor-gallery-item__image\" data-thumbnail=\"https:\/\/ica-cg.com\/wp-content\/uploads\/2021\/05\/0-02-0a-bc622e6eeabeb5429d78126d15221e31d84d268ca0cbe61c064e865573b4ff79_9fe51d68-300x225.jpg\" data-width=\"300\" data-height=\"225\" alt=\"\" ><\/div>\n\t\t\t\t\t\t\t\t\t\t<div class=\"elementor-gallery-item__overlay\"><\/div>\n\t\t\t\t\t\t\t\t\t\t\t\t\t\t<\/a>\n\t\t\t\t\t<\/div>\n\t\t\t<\/div>\n\t\t\t\t<\/div>\n\t\t\t\t\t<\/div>\n\t\t<\/div>\n\t\t\t\t\t<\/div>\n\t\t<\/section>\n\t\t\t\t<\/div>","protected":false},"excerpt":{"rendered":"<p>Budite dio tima! Trenirajte sa renomiranim svjetskim trenerima u kampovima na na\u0161em primoriju. Dru\u017eenje zabava i sticanje novih iskustava bice dio va\u0161eg boravka u ovim kampovima. Organizacija vaterpolo kampa u Kotoru Organizacija kontrolnih utakmica Organizacija treninga sa olimpijskim u\u010desnicima &#8211; Veljko Uskokovic Organizacija smje\u0161taja Organizacija izleta Galerija<\/p>","protected":false},"author":1,"featured_media":0,"parent":0,"menu_order":0,"comment_status":"closed","ping_status":"closed","template":"","meta":{"_mi_skip_tracking":false,"_monsterinsights_sitenote_active":false,"_monsterinsights_sitenote_note":"","_monsterinsights_sitenote_category":0,"footnotes":""},"class_list":["post-13442","page","type-page","status-publish","hentry"],"aioseo_notices":[],"_links":{"self":[{"href":"https:\/\/ica-cg.com\/de\/wp-json\/wp\/v2\/pages\/13442","targetHints":{"allow":["GET"]}}],"collection":[{"href":"https:\/\/ica-cg.com\/de\/wp-json\/wp\/v2\/pages"}],"about":[{"href":"https:\/\/ica-cg.com\/de\/wp-json\/wp\/v2\/types\/page"}],"author":[{"embeddable":true,"href":"https:\/\/ica-cg.com\/de\/wp-json\/wp\/v2\/users\/1"}],"replies":[{"embeddable":true,"href":"https:\/\/ica-cg.com\/de\/wp-json\/wp\/v2\/comments?post=13442"}],"version-history":[{"count":8,"href":"https:\/\/ica-cg.com\/de\/wp-json\/wp\/v2\/pages\/13442\/revisions"}],"predecessor-version":[{"id":13680,"href":"https:\/\/ica-cg.com\/de\/wp-json\/wp\/v2\/pages\/13442\/revisions\/13680"}],"wp:attachment":[{"href":"https:\/\/ica-cg.com\/de\/wp-json\/wp\/v2\/media?parent=13442"}],"curies":[{"name":"wp","href":"https:\/\/api.w.org\/{rel}","templated":true}]}}